{"id":58,"date":"2026-03-14T14:35:33","date_gmt":"2026-03-14T14:35:33","guid":{"rendered":"https:\/\/mojpowrot.pl\/?post_type=product&#038;p=58"},"modified":"2026-03-14T17:32:53","modified_gmt":"2026-03-14T17:32:53","slug":"workbook-powrot-do-siebie-sztuka-stawiania-granic","status":"publish","type":"product","link":"https:\/\/mojpowrot.pl\/index.php\/produkt\/workbook-powrot-do-siebie-sztuka-stawiania-granic\/","title":{"rendered":"Workbook: Powr\u00f3t do Siebie &#8211; Sztuka stawiania granic."},"content":{"rendered":"<p><a href=\"http:\/\/mojpowrot.pl\/wp-content\/uploads\/2026\/03\/Zanim-zaczniesz-ogarniac-swiat-zatrzymaj-sie-na-chwile.-Ten-dzien-nie-musi-byc-perfekcyjny.-Ma-byc-Twoj.pdf\">Pobierz tutaj sw\u00f3j workbook. Zanim zaczniesz ogarnia\u0107 \u015bwiat, zatrzymaj si\u0119 na chwil\u0119. Ten dzie\u0144 nie musi by\u0107 perfekcyjny. Ma by\u0107 Tw\u00f3j.<\/a><\/p>\n","protected":false},"excerpt":{"rendered":"<p>Praktyczny workobook (plik PDF), kt\u00f3ry krok po kroku pomo\u017ce Ci odzyska\u0107 sw\u00f3j czas, energi\u0119 i postawi\u0107 zdrowe granice bez wyrzut\u00f3w sumienia. Zr\u00f3b pierwszy krok w drodze do siebie.<\/p>\n","protected":false},"featured_media":65,"comment_status":"open","ping_status":"closed","template":"","meta":{"_kadence_starter_templates_imported_post":false,"_kad_post_transparent":"default","_kad_post_title":"","_kad_post_layout":"default","_kad_post_sidebar_id":"","_kad_post_content_style":"default","_kad_post_vertical_padding":"default","_kad_post_feature":"","_kad_post_feature_position":"","_kad_post_header":false,"_kad_post_footer":false,"_kad_post_classname":""},"product_brand":[],"product_cat":[17],"product_tag":[],"class_list":{"0":"post-58","1":"product","2":"type-product","3":"status-publish","4":"has-post-thumbnail","6":"product_cat-bez-kategorii","8":"first","9":"instock","10":"sale","11":"downloadable","12":"virtual","13":"purchasable","14":"product-type-simple","15":"entry","16":"content-bg","17":"loop-entry"},"_links":{"self":[{"href":"https:\/\/mojpowrot.pl\/index.php\/wp-json\/wp\/v2\/product\/58","targetHints":{"allow":["GET"]}}],"collection":[{"href":"https:\/\/mojpowrot.pl\/index.php\/wp-json\/wp\/v2\/product"}],"about":[{"href":"https:\/\/mojpowrot.pl\/index.php\/wp-json\/wp\/v2\/types\/product"}],"replies":[{"embeddable":true,"href":"https:\/\/mojpowrot.pl\/index.php\/wp-json\/wp\/v2\/comments?post=58"}],"wp:featuredmedia":[{"embeddable":true,"href":"https:\/\/mojpowrot.pl\/index.php\/wp-json\/wp\/v2\/media\/65"}],"wp:attachment":[{"href":"https:\/\/mojpowrot.pl\/index.php\/wp-json\/wp\/v2\/media?parent=58"}],"wp:term":[{"taxonomy":"product_brand","embeddable":true,"href":"https:\/\/mojpowrot.pl\/index.php\/wp-json\/wp\/v2\/product_brand?post=58"},{"taxonomy":"product_cat","embeddable":true,"href":"https:\/\/mojpowrot.pl\/index.php\/wp-json\/wp\/v2\/product_cat?post=58"},{"taxonomy":"product_tag","embeddable":true,"href":"https:\/\/mojpowrot.pl\/index.php\/wp-json\/wp\/v2\/product_tag?post=58"}],"curies":[{"name":"wp","href":"https:\/\/api.w.org\/{rel}","templated":true}]}}