{"id":26,"date":"2026-03-03T18:05:12","date_gmt":"2026-03-03T18:05:12","guid":{"rendered":"https:\/\/mojpowrot.pl\/?page_id=26"},"modified":"2026-03-19T09:22:12","modified_gmt":"2026-03-19T09:22:12","slug":"kontakt","status":"publish","type":"page","link":"https:\/\/mojpowrot.pl\/index.php\/kontakt\/","title":{"rendered":"Kontakt"},"content":{"rendered":"\n<h3 class=\"wp-block-heading\">B\u0105d\u017amy w kontakcie!<\/h3>\n\n\n\n<p>Masz pytania dotycz\u0105ce workbooka o stawianiu granic? Utkn\u0119\u0142a\u015b w jakim\u015b miejscu, a mo\u017ce po prostu chcesz si\u0119 podzieli\u0107 swoimi przemy\u015bleniami po jego przerobieniu? Napisz do mnie \u015bmia\u0142o. Ka\u017cda wiadomo\u015b\u0107 od Ciebie to dla mnie znak, \u017ce &#8220;Powr\u00f3t do Siebie&#8221; ma sens i realnie pomaga.<\/p>\n\n\n\n<p>Zawsze staram si\u0119 odpisywa\u0107 najszybciej jak to mo\u017cliwe (zazwyczaj w ci\u0105gu 24-48 godzin), ale pami\u0119taj \u2013 Ty te\u017c masz prawo do swojej przestrzeni. Je\u015bli potrzebujesz czasu, by zebra\u0107 my\u015bli przed wys\u0142aniem wiadomo\u015bci, to jest absolutnie w porz\u0105dku. Nic nas nie goni.<\/p>\n\n\n\n<p><strong>Najszybciej z\u0142apiesz mnie tutaj:<\/strong><\/p>\n\n\n\n<ul class=\"wp-block-list\">\n<li><strong>E-mail:<\/strong> weronikachmura4@gmail.com  \u2013 idealne miejsce na d\u0142u\u017csze wiadomo\u015bci, pytania techniczne dotycz\u0105ce zam\u00f3wie\u0144 i propozycje wsp\u00f3\u0142pracy.<\/li>\n\n\n\n<li><strong>Instagram:<\/strong><a href=\"https:\/\/www.instagram.com\/mojpowrot\/\"> <\/a><a href=\"https:\/\/www.instagram.com\/mojpowrot\/\">https:\/\/www.instagram.com\/mojpowrot\/<\/a>  \u2013 wpadnij po codzienn\u0105 dawk\u0119 wsparcia, statystyki i zajrzyj za kulisy mojej pracy.<\/li>\n\n\n\n<li><strong>TikTok:<\/strong> @weronikachmurka \u2013 tutaj znajdziesz kr\u00f3tkie, konkretne wskaz\u00f3wki o tym, jak budowa\u0107 swoje granice na co dzie\u0144.<\/li>\n<\/ul>\n\n\n\n<p>Je\u015bli wolisz, mo\u017cesz te\u017c skorzysta\u0107 z formularza poni\u017cej. Po prostu zostaw wiadomo\u015b\u0107, a ja odezw\u0119 si\u0119 do Ciebie.<\/p>\n","protected":false},"excerpt":{"rendered":"<p>B\u0105d\u017amy w kontakcie! Masz pytania dotycz\u0105ce workbooka o stawianiu granic? Utkn\u0119\u0142a\u015b w jakim\u015b miejscu, a mo\u017ce po prostu chcesz si\u0119 podzieli\u0107 swoimi przemy\u015bleniami po jego przerobieniu? Napisz do mnie \u015bmia\u0142o. Ka\u017cda wiadomo\u015b\u0107 od Ciebie to dla mnie znak, \u017ce &#8220;Powr\u00f3t do Siebie&#8221; ma sens i realnie pomaga. Zawsze staram si\u0119 odpisywa\u0107 najszybciej jak to mo\u017cliwe&#8230;<\/p>\n","protected":false},"author":1,"featured_media":0,"parent":0,"menu_order":0,"comment_status":"closed","ping_status":"closed","template":"","meta":{"_kadence_starter_templates_imported_post":false,"_kad_post_transparent":"","_kad_post_title":"","_kad_post_layout":"","_kad_post_sidebar_id":"","_kad_post_content_style":"","_kad_post_vertical_padding":"","_kad_post_feature":"","_kad_post_feature_position":"","_kad_post_header":false,"_kad_post_footer":false,"_kad_post_classname":"","footnotes":""},"class_list":["post-26","page","type-page","status-publish","hentry"],"_links":{"self":[{"href":"https:\/\/mojpowrot.pl\/index.php\/wp-json\/wp\/v2\/pages\/26","targetHints":{"allow":["GET"]}}],"collection":[{"href":"https:\/\/mojpowrot.pl\/index.php\/wp-json\/wp\/v2\/pages"}],"about":[{"href":"https:\/\/mojpowrot.pl\/index.php\/wp-json\/wp\/v2\/types\/page"}],"author":[{"embeddable":true,"href":"https:\/\/mojpowrot.pl\/index.php\/wp-json\/wp\/v2\/users\/1"}],"replies":[{"embeddable":true,"href":"https:\/\/mojpowrot.pl\/index.php\/wp-json\/wp\/v2\/comments?post=26"}],"version-history":[{"count":3,"href":"https:\/\/mojpowrot.pl\/index.php\/wp-json\/wp\/v2\/pages\/26\/revisions"}],"predecessor-version":[{"id":94,"href":"https:\/\/mojpowrot.pl\/index.php\/wp-json\/wp\/v2\/pages\/26\/revisions\/94"}],"wp:attachment":[{"href":"https:\/\/mojpowrot.pl\/index.php\/wp-json\/wp\/v2\/media?parent=26"}],"curies":[{"name":"wp","href":"https:\/\/api.w.org\/{rel}","templated":true}]}}