{"id":22,"date":"2026-03-03T18:04:39","date_gmt":"2026-03-03T18:04:39","guid":{"rendered":"https:\/\/mojpowrot.pl\/?page_id=22"},"modified":"2026-03-19T09:30:22","modified_gmt":"2026-03-19T09:30:22","slug":"dla-kobiet","status":"publish","type":"page","link":"https:\/\/mojpowrot.pl\/index.php\/dla-kobiet\/","title":{"rendered":"Dla kobiet"},"content":{"rendered":"\n<h3 class=\"wp-block-heading\">To jest Twoje miejsce. Wracaj, kiedy tylko potrzebujesz.<\/h3>\n\n\n\n<p>Budowanie w\u0142asnej \u015bwiadomo\u015bci i nauka stawiania granic to nie jest co\u015b, co odhacza si\u0119 na li\u015bcie zada\u0144 w jeden weekend. To proces. Czasem zrobisz dwa kroki do przodu, a czasem jeden w ty\u0142 \u2013 i to jest absolutnie w porz\u0105dku.<\/p>\n\n\n\n<p>Stworzy\u0142am &#8220;Powr\u00f3t do Siebie&#8221; po to, \u017ceby\u015b mia\u0142a swoj\u0105 przestrze\u0144 w internecie. Stron\u0119, kt\u00f3ra ro\u015bnie i zmienia si\u0119 razem z Tob\u0105. B\u0119d\u0119 tu regularnie dok\u0142ada\u0107 nowe materia\u0142y, szczere teksty, twarde fakty i konkretne narz\u0119dzia, kt\u00f3re u\u0142atwi\u0105 Ci codzienno\u015b\u0107. Chc\u0119, \u017ceby\u015b traktowa\u0142a to miejsce jak swoj\u0105 osobist\u0105, wirtualn\u0105 apteczk\u0119 pierwszej pomocy. Zagl\u0105daj tu zawsze, gdy:<\/p>\n\n\n\n<ul class=\"wp-block-list\">\n<li><strong>Brakuje Ci si\u0142<\/strong> i potrzebujesz przypomnie\u0107 sobie, \u017ce Twoje potrzeby s\u0105 wa\u017cne.<\/li>\n\n\n\n<li><strong>Czujesz presj\u0119 otoczenia<\/strong> i szukasz konkretnych argument\u00f3w lub wsparcia, \u017ceby powiedzie\u0107 &#8220;nie&#8221;.<\/li>\n\n\n\n<li><strong>Masz gorszy dzie\u0144<\/strong> i chcesz po prostu poczu\u0107, \u017ce kto\u015b doskonale rozumie to, przez co przechodzisz.<\/li>\n<\/ul>\n\n\n\n<p>Nie jeste\u015b sama. Masz pe\u0142ne prawo odpu\u015bci\u0107 i pole\u017ce\u0107, je\u015bli tego potrzebujesz, ale nie zatracaj si\u0119 w l\u0119kach. Masz cel i do niego d\u0105\u017cysz, a ta strona ma Ci o tym przypomina\u0107 ka\u017cdego dnia.<\/p>\n\n\n\n<p>Zapisz sobie ten adres w ulubionych. Zaparz ulubion\u0105 herbat\u0119 i wracaj tu za ka\u017cdym razem, gdy poczujesz, \u017ce zn\u00f3w za bardzo oddalasz si\u0119 od siebie. Jestem tu.<\/p>\n","protected":false},"excerpt":{"rendered":"<p>To jest Twoje miejsce. Wracaj, kiedy tylko potrzebujesz. Budowanie w\u0142asnej \u015bwiadomo\u015bci i nauka stawiania granic to nie jest co\u015b, co odhacza si\u0119 na li\u015bcie zada\u0144 w jeden weekend. To proces. Czasem zrobisz dwa kroki do przodu, a czasem jeden w ty\u0142 \u2013 i to jest absolutnie w porz\u0105dku. Stworzy\u0142am &#8220;Powr\u00f3t do Siebie&#8221; po to, \u017ceby\u015b&#8230;<\/p>\n","protected":false},"author":1,"featured_media":0,"parent":0,"menu_order":0,"comment_status":"closed","ping_status":"closed","template":"","meta":{"_kadence_starter_templates_imported_post":false,"_kad_post_transparent":"","_kad_post_title":"","_kad_post_layout":"","_kad_post_sidebar_id":"","_kad_post_content_style":"","_kad_post_vertical_padding":"","_kad_post_feature":"","_kad_post_feature_position":"","_kad_post_header":false,"_kad_post_footer":false,"_kad_post_classname":"","footnotes":""},"class_list":["post-22","page","type-page","status-publish","hentry"],"_links":{"self":[{"href":"https:\/\/mojpowrot.pl\/index.php\/wp-json\/wp\/v2\/pages\/22","targetHints":{"allow":["GET"]}}],"collection":[{"href":"https:\/\/mojpowrot.pl\/index.php\/wp-json\/wp\/v2\/pages"}],"about":[{"href":"https:\/\/mojpowrot.pl\/index.php\/wp-json\/wp\/v2\/types\/page"}],"author":[{"embeddable":true,"href":"https:\/\/mojpowrot.pl\/index.php\/wp-json\/wp\/v2\/users\/1"}],"replies":[{"embeddable":true,"href":"https:\/\/mojpowrot.pl\/index.php\/wp-json\/wp\/v2\/comments?post=22"}],"version-history":[{"count":3,"href":"https:\/\/mojpowrot.pl\/index.php\/wp-json\/wp\/v2\/pages\/22\/revisions"}],"predecessor-version":[{"id":96,"href":"https:\/\/mojpowrot.pl\/index.php\/wp-json\/wp\/v2\/pages\/22\/revisions\/96"}],"wp:attachment":[{"href":"https:\/\/mojpowrot.pl\/index.php\/wp-json\/wp\/v2\/media?parent=22"}],"curies":[{"name":"wp","href":"https:\/\/api.w.org\/{rel}","templated":true}]}}