{"id":18,"date":"2026-03-03T18:04:03","date_gmt":"2026-03-03T18:04:03","guid":{"rendered":"https:\/\/mojpowrot.pl\/?page_id=18"},"modified":"2026-03-14T14:50:29","modified_gmt":"2026-03-14T14:50:29","slug":"powrot-do-siebie","status":"publish","type":"page","link":"https:\/\/mojpowrot.pl\/","title":{"rendered":"Powr\u00f3t do Siebie"},"content":{"rendered":"\n<div class=\"wp-block-columns is-layout-flex wp-container-core-columns-is-layout-9d6595d7 wp-block-columns-is-layout-flex\">\n<div class=\"wp-block-column is-layout-flow wp-block-column-is-layout-flow\" style=\"flex-basis:50%\">\n<h2 class=\"wp-block-heading\">Przesta\u0144 biec. Czas wr\u00f3ci\u0107 do \u017ar\u00f3d\u0142a, kt\u00f3rym jeste\u015b Ty.<\/h2>\n\n\n\n<p>Powr\u00f3t do Siebie to przestrze\u0144 dla kobiet gotowych na przebudzenie. Pomagam odnale\u017a\u0107 wewn\u0119trzny spok\u00f3j, postawi\u0107 zdrowe granice i odwa\u017cnie si\u0119ga\u0107 po swoje marzenia.<\/p>\n\n\n\n<div class=\"wp-block-buttons is-layout-flex wp-block-buttons-is-layout-flex\">\n<div class=\"wp-block-button\"><a class=\"wp-block-button__link wp-element-button\" href=\"https:\/\/mojpowrot.pl\/index.php\/produkt\/workbook-powrot-do-siebie-sztuka-stawiania-granic\/\">Zacznij swoj\u0105 drog\u0119 tutaj<\/a><\/div>\n<\/div>\n<\/div>\n\n\n\n<div class=\"wp-block-column is-layout-flow wp-block-column-is-layout-flow\" style=\"flex-basis:50%\">\n<figure class=\"wp-block-image size-large is-resized\"><img loading=\"lazy\" decoding=\"async\" width=\"681\" height=\"1024\" src=\"https:\/\/mojpowrot.pl\/wp-content\/uploads\/2026\/03\/IMG_2182-3-681x1024.jpg\" alt=\"\" class=\"wp-image-49\" style=\"aspect-ratio:0.6650437815645097;width:472px;height:auto\" srcset=\"https:\/\/mojpowrot.pl\/wp-content\/uploads\/2026\/03\/IMG_2182-3-681x1024.jpg 681w, https:\/\/mojpowrot.pl\/wp-content\/uploads\/2026\/03\/IMG_2182-3-rotated-600x902.jpg 600w, https:\/\/mojpowrot.pl\/wp-content\/uploads\/2026\/03\/IMG_2182-3-200x300.jpg 200w, https:\/\/mojpowrot.pl\/wp-content\/uploads\/2026\/03\/IMG_2182-3-768x1154.jpg 768w, https:\/\/mojpowrot.pl\/wp-content\/uploads\/2026\/03\/IMG_2182-3-1022x1536.jpg 1022w, https:\/\/mojpowrot.pl\/wp-content\/uploads\/2026\/03\/IMG_2182-3-rotated.jpg 1288w\" sizes=\"auto, (max-width: 681px) 100vw, 681px\" \/><\/figure>\n<\/div>\n<\/div>\n\n\n\n<p><\/p>\n","protected":false},"excerpt":{"rendered":"<p>Przesta\u0144 biec. Czas wr\u00f3ci\u0107 do \u017ar\u00f3d\u0142a, kt\u00f3rym jeste\u015b Ty. Powr\u00f3t do Siebie to przestrze\u0144 dla kobiet gotowych na przebudzenie. Pomagam odnale\u017a\u0107 wewn\u0119trzny spok\u00f3j, postawi\u0107 zdrowe granice i odwa\u017cnie si\u0119ga\u0107 po swoje marzenia.<\/p>\n","protected":false},"author":1,"featured_media":0,"parent":0,"menu_order":0,"comment_status":"closed","ping_status":"closed","template":"","meta":{"_kadence_starter_templates_imported_post":false,"_kad_post_transparent":"","_kad_post_title":"","_kad_post_layout":"","_kad_post_sidebar_id":"","_kad_post_content_style":"","_kad_post_vertical_padding":"","_kad_post_feature":"","_kad_post_feature_position":"","_kad_post_header":false,"_kad_post_footer":false,"_kad_post_classname":"","footnotes":""},"class_list":["post-18","page","type-page","status-publish","hentry"],"_links":{"self":[{"href":"https:\/\/mojpowrot.pl\/index.php\/wp-json\/wp\/v2\/pages\/18","targetHints":{"allow":["GET"]}}],"collection":[{"href":"https:\/\/mojpowrot.pl\/index.php\/wp-json\/wp\/v2\/pages"}],"about":[{"href":"https:\/\/mojpowrot.pl\/index.php\/wp-json\/wp\/v2\/types\/page"}],"author":[{"embeddable":true,"href":"https:\/\/mojpowrot.pl\/index.php\/wp-json\/wp\/v2\/users\/1"}],"replies":[{"embeddable":true,"href":"https:\/\/mojpowrot.pl\/index.php\/wp-json\/wp\/v2\/comments?post=18"}],"version-history":[{"count":4,"href":"https:\/\/mojpowrot.pl\/index.php\/wp-json\/wp\/v2\/pages\/18\/revisions"}],"predecessor-version":[{"id":66,"href":"https:\/\/mojpowrot.pl\/index.php\/wp-json\/wp\/v2\/pages\/18\/revisions\/66"}],"wp:attachment":[{"href":"https:\/\/mojpowrot.pl\/index.php\/wp-json\/wp\/v2\/media?parent=18"}],"curies":[{"name":"wp","href":"https:\/\/api.w.org\/{rel}","templated":true}]}}